{"id":246,"date":"2025-02-17T15:53:04","date_gmt":"2025-02-17T15:53:04","guid":{"rendered":"https:\/\/www.ksmconsultores.cl\/?page_id=246"},"modified":"2026-02-08T14:25:54","modified_gmt":"2026-02-08T14:25:54","slug":"home","status":"publish","type":"page","link":"https:\/\/www.ksmconsultores.cl\/","title":{"rendered":"Home"},"content":{"rendered":"\n\n\n<span style=\"line-height:1.5;\">Lorem Ipsum has been the industry&#8217;s standard dummy text ever since the 1500s, when an unknown printer took a galley.<\/span><p><\/p>\n\n\n+56953389861<br>\n\n\n<span style=\"line-height:1.5;\">Lorem Ipsum has been the industry&#8217;s standard dummy text ever since the 1500s, when an unknown printer took a galley.<\/span><p><\/p>\n\n\n\n\n\n\n\n\n<h3>\u00bfC\u00f3mo nos convertimos en una empresa de \u00e9xito?<\/h3>\n<h5>Nos especializamos en brindar servicios profesionales mensuales a empresas, apoyando su crecimiento y \u00e9xito empresarial. Nuestro equipo altamente capacitado ofrece una amplia gama de servicios contables.<\/h5>\n\n\n\n\n\n\n\n<h3>\u00abContamos con el apoyo y colaboraci\u00f3n de LITIGEEK<br>Abogados con Experiencia\u00bb<\/h3>\n<h3><\/h3><h5>LitiGeek conecta con tus necesidades legales con soluciones r\u00e1pidas y eficientes. Descubre un nuevo enfoque en asesor\u00eda jur\u00eddica, dise\u00f1ado para ti.\n\n\u200b\n\nDeja de buscar abogados, nosotros lo hacemos por ti, r\u00e1pido, f\u00e1cil y con toda la confianza de nuestra marca.<\/h5>\n\n\n\n\n\n\n\n\n\n\n\n\n\n\n\n<h6>Lista de&nbsp;<\/h6>\n<h3>Los Mejores Servicios<\/h3>\n\n\n\n\n\n<span style=\"line-height:1.5;\">Entregamos Asesor\u00eda para una mejor Gesti\u00f3n y Administraci\u00f3n de los\nRecursos Humanos<\/span><br><br>\n\n\n<span style=\"line-height:1.5;\">Confecci\u00f3n y Presentaci\u00f3n de Impuestos mensuales con la entrega de la documentaci\u00f3n<\/span><br>\n\n\n<span style=\"line-height:1.5;\">Asesoramiento legal en aspectos relacionados con tu empresa y m\u00e1s.<\/span><br><br><br><br>\n\n\n\n\n<span style=\"line-height:1.5;\">Entregamos la mejor asesor\u00eda para la creaci\u00f3n de su empresa, en cuanto al tipo de sociedad, la\nactividad econ\u00f3mica a realizar, Domicilio.<\/span>\n\n\n<span style=\"line-height:1.5;\">Asesor\u00eda en el t\u00e9rmino de sus actividades econ\u00f3micas cuando requiera dejar de operar su sociedad,\nimpuestos asociados a t\u00e9rmino de giro etc.<\/span>\n\n\n<br><span style=\"line-height:1.5;\">Lo ayudamos en la tramitaci\u00f3n de su patente comercial, recopilando la informaci\u00f3n requerida\npor las municipalidad..<\/span><br>\n\n\n\n\n\n\n\n<h6>PROCESOS<\/h6>\n<h3>Nuestros Procesos<\/h3>\n\n\n\n\n<span style=\"line-height:1.5;\">Identificamos los requerimientos para brindar la asesor\u00eda contable.<\/span>\n\n\n<span style=\"line-height:1.5;\">Detallamos los servicios contables ofrecidos, incluyendo declaraciones.<\/span>\n\n\n<span style=\"line-height:1.5;\">Establecemos la estructura de trabajo para ejecutar el programa mensual.\n\n<\/span>\n\n\n\n\n\n\n<h3>99% Cloud Hosing High-speed Cutting-edge Platform\n<\/h3>\n<p>It is a long established fact that a reader will be distracted by the readable content of a page when looking at its layout. The point of using Lorem Ipsum is that it has a more-or-less normal distribution of letters, as opposed to using&nbsp; &#8216;Content here, content here&#8217;, making it look like readable English<\/p>\n\n\n\n\n\n\n\n\n\n<h6>CONTACTo<\/h6>\n<h2>\u00a1P\u00f3ngase en Contacto con Nosotros para m\u00e1s Informaci\u00f3n!<\/h2>\n\n\n\n\n\n\n\n\n\n\n\n\n\n\n\n\n\n\n\n\n\n\n\n\n\n\n\n\nRegi\u00f3n Metropolitana, Chile\n\n\n","protected":false},"excerpt":{"rendered":"","protected":false},"author":1,"featured_media":0,"parent":0,"menu_order":0,"comment_status":"closed","ping_status":"closed","template":"","meta":{"pagelayer_contact_templates":{"trp1983":{"from_email":"$email","cont_subject":"contact-form","cont_header":"$email,$name,$number,$message,$subject","cont_use_html":"true"}},"_pagelayer_content":"","_joinchat":[],"footnotes":""},"class_list":["post-246","page","type-page","status-publish","hentry"],"_links":{"self":[{"href":"https:\/\/www.ksmconsultores.cl\/index.php?rest_route=\/wp\/v2\/pages\/246","targetHints":{"allow":["GET"]}}],"collection":[{"href":"https:\/\/www.ksmconsultores.cl\/index.php?rest_route=\/wp\/v2\/pages"}],"about":[{"href":"https:\/\/www.ksmconsultores.cl\/index.php?rest_route=\/wp\/v2\/types\/page"}],"author":[{"embeddable":true,"href":"https:\/\/www.ksmconsultores.cl\/index.php?rest_route=\/wp\/v2\/users\/1"}],"replies":[{"embeddable":true,"href":"https:\/\/www.ksmconsultores.cl\/index.php?rest_route=%2Fwp%2Fv2%2Fcomments&post=246"}],"version-history":[{"count":42,"href":"https:\/\/www.ksmconsultores.cl\/index.php?rest_route=\/wp\/v2\/pages\/246\/revisions"}],"predecessor-version":[{"id":336,"href":"https:\/\/www.ksmconsultores.cl\/index.php?rest_route=\/wp\/v2\/pages\/246\/revisions\/336"}],"wp:attachment":[{"href":"https:\/\/www.ksmconsultores.cl\/index.php?rest_route=%2Fwp%2Fv2%2Fmedia&parent=246"}],"curies":[{"name":"wp","href":"https:\/\/api.w.org\/{rel}","templated":true}]}}